{"id":3877,"date":"2025-03-28T20:53:35","date_gmt":"2025-03-28T20:53:35","guid":{"rendered":"https:\/\/evolutioncalifornia.com\/?post_type=product&#038;p=3877"},"modified":"2025-03-28T21:27:24","modified_gmt":"2025-03-28T21:27:24","slug":"anti-aging-cream","status":"publish","type":"product","link":"https:\/\/evolutioncalifornia.com\/esp\/producto\/anti-aging-cream\/","title":{"rendered":"Anti-Aging Cream"},"content":{"rendered":"","protected":false},"excerpt":{"rendered":"<article class=\"w-full text-token-text-primary\" dir=\"auto\" data-testid=\"conversation-turn-4\" data-scroll-anchor=\"false\">\n<div class=\"text-base my-auto mx-auto py-5 px-6\">\n<div class=\"mx-auto flex flex-1 text-base gap-4 md:gap-5 lg:gap-6 md:max-w-3xl lg:max-w-[40rem] xl:max-w-[48rem] group\/turn-messages focus-visible:outline-none\" tabindex=\"-1\">\n<div class=\"group\/conversation-turn relative flex w-full min-w-0 flex-col agent-turn @xs\/thread:px-0 @sm\/thread:px-1.5 @md\/thread:px-4\">\n<div class=\"relative flex-col gap-1 md:gap-3\">\n<div class=\"flex max-w-full flex-col flex-grow\">\n<div class=\"min-h-8 text-message relative flex w-full flex-col items-end gap-2 whitespace-normal break-words text-start [.text-message+&amp;]:mt-5\" dir=\"auto\" data-message-author-role=\"assistant\" data-message-id=\"cf05d631-9f65-4f43-afbb-9a05eb9e3cd4\" data-message-model-slug=\"gpt-4o\">\n<div class=\"flex w-full flex-col gap-1 empty:hidden first:pt-[3px]\">\n<div class=\"markdown prose w-full break-words dark:prose-invert light\">\n<article class=\"w-full text-token-text-primary\" dir=\"auto\" data-testid=\"conversation-turn-8\" data-scroll-anchor=\"false\">\n<div class=\"text-base my-auto mx-auto py-5 px-6\">\n<div class=\"mx-auto flex flex-1 text-base gap-4 md:gap-5 lg:gap-6 md:max-w-3xl lg:max-w-[40rem] xl:max-w-[48rem] group\/turn-messages focus-visible:outline-none\" tabindex=\"-1\">\n<div class=\"group\/conversation-turn relative flex w-full min-w-0 flex-col agent-turn @xs\/thread:px-0 @sm\/thread:px-1.5 @md\/thread:px-4\">\n<div class=\"relative flex-col gap-1 md:gap-3\">\n<div class=\"flex max-w-full flex-col flex-grow\">\n<div class=\"min-h-8 text-message relative flex w-full flex-col items-end gap-2 whitespace-normal break-words text-start [.text-message+&amp;]:mt-5\" dir=\"auto\" data-message-author-role=\"assistant\" data-message-id=\"86acaed6-1921-4c31-8ba0-b5a5af026567\" data-message-model-slug=\"gpt-4o\">\n<div class=\"flex w-full flex-col gap-1 empty:hidden first:pt-[3px]\">\n<div class=\"markdown prose w-full break-words dark:prose-invert light\">\n<p class=\"\" data-start=\"0\" data-end=\"43\"><strong data-start=\"23\" data-end=\"41\">Crema Antiedad<\/strong><\/p>\n<p class=\"\" data-start=\"45\" data-end=\"404\">La \u00faltima tecnolog\u00eda en desarrollo antiedad para la piel del hombre. Con ingredientes org\u00e1nicos, genera una capa de protecci\u00f3n sobre la piel contra radicales libres, evitando la oxidaci\u00f3n y ayudando a la humectaci\u00f3n. Contiene p\u00e9ptidos que estimulan la producci\u00f3n natural de elastina y col\u00e1geno, favoreciendo el desvanecimiento progresivo de arrugas y manchas.<\/p>\n<\/div>\n<\/div>\n<\/div>\n<\/div>\n<\/div>\n<\/div>\n<\/div>\n<\/div>\n<\/article>\n<\/div>\n<\/div>\n<\/div>\n<\/div>\n<\/div>\n<\/div>\n<\/div>\n<\/div>\n<\/article>\n<p><em><strong>*Producto disponible solo en Am\u00e9rica Latina*<\/strong><\/em><\/p>","protected":false},"featured_media":3854,"template":"","meta":{"om_disable_all_campaigns":false,"pagelayer_contact_templates":[],"_pagelayer_content":"","_uag_custom_page_level_css":"","site-sidebar-layout":"default","site-content-layout":"","ast-site-content-layout":"default","site-content-style":"default","site-sidebar-style":"default","ast-global-header-display":"","ast-banner-title-visibility":"","ast-main-header-display":"","ast-hfb-above-header-display":"","ast-hfb-below-header-display":"","ast-hfb-mobile-header-display":"","site-post-title":"","ast-breadcrumbs-content":"","ast-featured-img":"","footer-sml-layout":"","theme-transparent-header-meta":"default","adv-header-id-meta":"","stick-header-meta":"","header-above-stick-meta":"","header-main-stick-meta":"","header-below-stick-meta":"","astra-migrate-meta-layouts":"set","ast-page-background-enabled":"default","ast-page-background-meta":{"desktop":{"background-color":"var(--ast-global-color-4)","background-image":"","background-repeat":"repeat","background-position":"center center","background-size":"auto","background-attachment":"scroll","background-type":"","background-media":"","overlay-type":"","overlay-color":"","overlay-opacity":"","overlay-gradient":""},"tablet":{"background-color":"","background-image":"","background-repeat":"repeat","background-position":"center center","background-size":"auto","background-attachment":"scroll","background-type":"","background-media":"","overlay-type":"","overlay-color":"","overlay-opacity":"","overlay-gradient":""},"mobile":{"background-color":"","background-image":"","background-repeat":"repeat","background-position":"center center","background-size":"auto","background-attachment":"scroll","background-type":"","background-media":"","overlay-type":"","overlay-color":"","overlay-opacity":"","overlay-gradient":""}},"ast-content-background-meta":{"desktop":{"background-color":"var(--ast-global-color-5)","background-image":"","background-repeat":"repeat","background-position":"center center","background-size":"auto","background-attachment":"scroll","background-type":"","background-media":"","overlay-type":"","overlay-color":"","overlay-opacity":"","overlay-gradient":""},"tablet":{"background-color":"var(--ast-global-color-5)","background-image":"","background-repeat":"repeat","background-position":"center center","background-size":"auto","background-attachment":"scroll","background-type":"","background-media":"","overlay-type":"","overlay-color":"","overlay-opacity":"","overlay-gradient":""},"mobile":{"background-color":"var(--ast-global-color-5)","background-image":"","background-repeat":"repeat","background-position":"center center","background-size":"auto","background-attachment":"scroll","background-type":"","background-media":"","overlay-type":"","overlay-color":"","overlay-opacity":"","overlay-gradient":""}}},"product_brand":[],"product_cat":[43],"product_tag":[],"class_list":{"0":"post-3877","1":"product","2":"type-product","3":"status-publish","4":"has-post-thumbnail","6":"product_cat-barber","7":"desktop-align-center","8":"tablet-align-left","9":"mobile-align-left","11":"first","12":"instock","13":"shipping-taxable","14":"product-type-simple"},"yoast_head":"<!-- This site is optimized with the Yoast SEO plugin v27.2 - https:\/\/yoast.com\/product\/yoast-seo-wordpress\/ -->\n<title>Anti-Aging Cream - Evolution<\/title>\n<meta name=\"robots\" content=\"index, follow, max-snippet:-1, max-image-preview:large, max-video-preview:-1\" \/>\n<link rel=\"canonical\" href=\"https:\/\/evolutioncalifornia.com\/esp\/producto\/anti-aging-cream\/\" \/>\n<meta property=\"og:locale\" content=\"es_MX\" \/>\n<meta property=\"og:type\" content=\"article\" \/>\n<meta property=\"og:title\" content=\"Anti-Aging Cream - Evolution\" \/>\n<meta property=\"og:description\" content=\"Crema Antiedad La \u00faltima tecnolog\u00eda en desarrollo antiedad para la piel del hombre. Con ingredientes org\u00e1nicos, genera una capa de protecci\u00f3n sobre la piel contra radicales libres, evitando la oxidaci\u00f3n y ayudando a la humectaci\u00f3n. Contiene p\u00e9ptidos que estimulan la producci\u00f3n natural de elastina y col\u00e1geno, favoreciendo el desvanecimiento progresivo de arrugas y manchas.                  *Producto disponible solo en Am\u00e9rica Latina*\" \/>\n<meta property=\"og:url\" content=\"https:\/\/evolutioncalifornia.com\/esp\/producto\/anti-aging-cream\/\" \/>\n<meta property=\"og:site_name\" content=\"Evolution\" \/>\n<meta property=\"article:modified_time\" content=\"2025-03-28T21:27:24+00:00\" \/>\n<meta property=\"og:image\" content=\"https:\/\/evolutioncalifornia.com\/wp-content\/uploads\/2025\/03\/45.png\" \/>\n\t<meta property=\"og:image:width\" content=\"940\" \/>\n\t<meta property=\"og:image:height\" content=\"788\" \/>\n\t<meta property=\"og:image:type\" content=\"image\/png\" \/>\n<meta name=\"twitter:card\" content=\"summary_large_image\" \/>\n<meta name=\"twitter:label1\" content=\"Tiempo de lectura\" \/>\n\t<meta name=\"twitter:data1\" content=\"1 minuto\" \/>\n<script type=\"application\/ld+json\" class=\"yoast-schema-graph\">{\"@context\":\"https:\/\/schema.org\",\"@graph\":[{\"@type\":\"WebPage\",\"@id\":\"https:\/\/evolutioncalifornia.com\/product\/anti-aging-cream\/\",\"url\":\"https:\/\/evolutioncalifornia.com\/product\/anti-aging-cream\/\",\"name\":\"Anti-Aging Cream - Evolution\",\"isPartOf\":{\"@id\":\"https:\/\/evolutioncalifornia.com\/#website\"},\"primaryImageOfPage\":{\"@id\":\"https:\/\/evolutioncalifornia.com\/product\/anti-aging-cream\/#primaryimage\"},\"image\":{\"@id\":\"https:\/\/evolutioncalifornia.com\/product\/anti-aging-cream\/#primaryimage\"},\"thumbnailUrl\":\"https:\/\/evolutioncalifornia.com\/wp-content\/uploads\/2025\/03\/45.png\",\"datePublished\":\"2025-03-28T20:53:35+00:00\",\"dateModified\":\"2025-03-28T21:27:24+00:00\",\"breadcrumb\":{\"@id\":\"https:\/\/evolutioncalifornia.com\/product\/anti-aging-cream\/#breadcrumb\"},\"inLanguage\":\"es\",\"potentialAction\":[{\"@type\":\"ReadAction\",\"target\":[\"https:\/\/evolutioncalifornia.com\/product\/anti-aging-cream\/\"]}]},{\"@type\":\"ImageObject\",\"inLanguage\":\"es\",\"@id\":\"https:\/\/evolutioncalifornia.com\/product\/anti-aging-cream\/#primaryimage\",\"url\":\"https:\/\/evolutioncalifornia.com\/wp-content\/uploads\/2025\/03\/45.png\",\"contentUrl\":\"https:\/\/evolutioncalifornia.com\/wp-content\/uploads\/2025\/03\/45.png\",\"width\":940,\"height\":788},{\"@type\":\"BreadcrumbList\",\"@id\":\"https:\/\/evolutioncalifornia.com\/product\/anti-aging-cream\/#breadcrumb\",\"itemListElement\":[{\"@type\":\"ListItem\",\"position\":1,\"name\":\"Home\",\"item\":\"https:\/\/evolutioncalifornia.com\/\"},{\"@type\":\"ListItem\",\"position\":2,\"name\":\"Products\",\"item\":\"https:\/\/evolutioncalifornia.com\/shop\/\"},{\"@type\":\"ListItem\",\"position\":3,\"name\":\"Anti-Aging Cream\"}]},{\"@type\":\"WebSite\",\"@id\":\"https:\/\/evolutioncalifornia.com\/#website\",\"url\":\"https:\/\/evolutioncalifornia.com\/\",\"name\":\"Evolution\",\"description\":\"My WordPress Blog\",\"publisher\":{\"@id\":\"https:\/\/evolutioncalifornia.com\/#organization\"},\"potentialAction\":[{\"@type\":\"SearchAction\",\"target\":{\"@type\":\"EntryPoint\",\"urlTemplate\":\"https:\/\/evolutioncalifornia.com\/?s={search_term_string}\"},\"query-input\":{\"@type\":\"PropertyValueSpecification\",\"valueRequired\":true,\"valueName\":\"search_term_string\"}}],\"inLanguage\":\"es\"},{\"@type\":\"Organization\",\"@id\":\"https:\/\/evolutioncalifornia.com\/#organization\",\"name\":\"Evolution\",\"url\":\"https:\/\/evolutioncalifornia.com\/\",\"logo\":{\"@type\":\"ImageObject\",\"inLanguage\":\"es\",\"@id\":\"https:\/\/evolutioncalifornia.com\/#\/schema\/logo\/image\/\",\"url\":\"https:\/\/evolutioncalifornia.com\/wp-content\/uploads\/2021\/11\/logo-green.svg\",\"contentUrl\":\"https:\/\/evolutioncalifornia.com\/wp-content\/uploads\/2021\/11\/logo-green.svg\",\"width\":86,\"height\":72,\"caption\":\"Evolution\"},\"image\":{\"@id\":\"https:\/\/evolutioncalifornia.com\/#\/schema\/logo\/image\/\"}}]}<\/script>\n<!-- \/ Yoast SEO plugin. -->","yoast_head_json":{"title":"Anti-Aging Cream - Evolution","robots":{"index":"index","follow":"follow","max-snippet":"max-snippet:-1","max-image-preview":"max-image-preview:large","max-video-preview":"max-video-preview:-1"},"canonical":"https:\/\/evolutioncalifornia.com\/esp\/producto\/anti-aging-cream\/","og_locale":"es_MX","og_type":"article","og_title":"Anti-Aging Cream - Evolution","og_description":"Crema Antiedad La \u00faltima tecnolog\u00eda en desarrollo antiedad para la piel del hombre. Con ingredientes org\u00e1nicos, genera una capa de protecci\u00f3n sobre la piel contra radicales libres, evitando la oxidaci\u00f3n y ayudando a la humectaci\u00f3n. Contiene p\u00e9ptidos que estimulan la producci\u00f3n natural de elastina y col\u00e1geno, favoreciendo el desvanecimiento progresivo de arrugas y manchas.                  *Producto disponible solo en Am\u00e9rica Latina*","og_url":"https:\/\/evolutioncalifornia.com\/esp\/producto\/anti-aging-cream\/","og_site_name":"Evolution","article_modified_time":"2025-03-28T21:27:24+00:00","og_image":[{"width":940,"height":788,"url":"https:\/\/evolutioncalifornia.com\/wp-content\/uploads\/2025\/03\/45.png","type":"image\/png"}],"twitter_card":"summary_large_image","twitter_misc":{"Tiempo de lectura":"1 minuto"},"schema":{"@context":"https:\/\/schema.org","@graph":[{"@type":"WebPage","@id":"https:\/\/evolutioncalifornia.com\/product\/anti-aging-cream\/","url":"https:\/\/evolutioncalifornia.com\/product\/anti-aging-cream\/","name":"Anti-Aging Cream - Evolution","isPartOf":{"@id":"https:\/\/evolutioncalifornia.com\/#website"},"primaryImageOfPage":{"@id":"https:\/\/evolutioncalifornia.com\/product\/anti-aging-cream\/#primaryimage"},"image":{"@id":"https:\/\/evolutioncalifornia.com\/product\/anti-aging-cream\/#primaryimage"},"thumbnailUrl":"https:\/\/evolutioncalifornia.com\/wp-content\/uploads\/2025\/03\/45.png","datePublished":"2025-03-28T20:53:35+00:00","dateModified":"2025-03-28T21:27:24+00:00","breadcrumb":{"@id":"https:\/\/evolutioncalifornia.com\/product\/anti-aging-cream\/#breadcrumb"},"inLanguage":"es","potentialAction":[{"@type":"ReadAction","target":["https:\/\/evolutioncalifornia.com\/product\/anti-aging-cream\/"]}]},{"@type":"ImageObject","inLanguage":"es","@id":"https:\/\/evolutioncalifornia.com\/product\/anti-aging-cream\/#primaryimage","url":"https:\/\/evolutioncalifornia.com\/wp-content\/uploads\/2025\/03\/45.png","contentUrl":"https:\/\/evolutioncalifornia.com\/wp-content\/uploads\/2025\/03\/45.png","width":940,"height":788},{"@type":"BreadcrumbList","@id":"https:\/\/evolutioncalifornia.com\/product\/anti-aging-cream\/#breadcrumb","itemListElement":[{"@type":"ListItem","position":1,"name":"Home","item":"https:\/\/evolutioncalifornia.com\/"},{"@type":"ListItem","position":2,"name":"Products","item":"https:\/\/evolutioncalifornia.com\/shop\/"},{"@type":"ListItem","position":3,"name":"Anti-Aging Cream"}]},{"@type":"WebSite","@id":"https:\/\/evolutioncalifornia.com\/#website","url":"https:\/\/evolutioncalifornia.com\/","name":"Evolution","description":"My WordPress Blog","publisher":{"@id":"https:\/\/evolutioncalifornia.com\/#organization"},"potentialAction":[{"@type":"SearchAction","target":{"@type":"EntryPoint","urlTemplate":"https:\/\/evolutioncalifornia.com\/?s={search_term_string}"},"query-input":{"@type":"PropertyValueSpecification","valueRequired":true,"valueName":"search_term_string"}}],"inLanguage":"es"},{"@type":"Organization","@id":"https:\/\/evolutioncalifornia.com\/#organization","name":"Evolution","url":"https:\/\/evolutioncalifornia.com\/","logo":{"@type":"ImageObject","inLanguage":"es","@id":"https:\/\/evolutioncalifornia.com\/#\/schema\/logo\/image\/","url":"https:\/\/evolutioncalifornia.com\/wp-content\/uploads\/2021\/11\/logo-green.svg","contentUrl":"https:\/\/evolutioncalifornia.com\/wp-content\/uploads\/2021\/11\/logo-green.svg","width":86,"height":72,"caption":"Evolution"},"image":{"@id":"https:\/\/evolutioncalifornia.com\/#\/schema\/logo\/image\/"}}]}},"uagb_featured_image_src":{"full":["https:\/\/evolutioncalifornia.com\/wp-content\/uploads\/2025\/03\/45.png",940,788,false],"thumbnail":["https:\/\/evolutioncalifornia.com\/wp-content\/uploads\/2025\/03\/45-150x150.png",150,150,true],"medium":["https:\/\/evolutioncalifornia.com\/wp-content\/uploads\/2025\/03\/45-300x251.png",300,251,true],"medium_large":["https:\/\/evolutioncalifornia.com\/wp-content\/uploads\/2025\/03\/45-768x644.png",768,644,true],"large":["https:\/\/evolutioncalifornia.com\/wp-content\/uploads\/2025\/03\/45.png",940,788,false],"1536x1536":["https:\/\/evolutioncalifornia.com\/wp-content\/uploads\/2025\/03\/45.png",940,788,false],"2048x2048":["https:\/\/evolutioncalifornia.com\/wp-content\/uploads\/2025\/03\/45.png",940,788,false],"trp-custom-language-flag":["https:\/\/evolutioncalifornia.com\/wp-content\/uploads\/2025\/03\/45-14x12.png",14,12,true],"woocommerce_thumbnail":["https:\/\/evolutioncalifornia.com\/wp-content\/uploads\/2025\/03\/45-300x300.png",300,300,true],"woocommerce_single":["https:\/\/evolutioncalifornia.com\/wp-content\/uploads\/2025\/03\/45-600x503.png",600,503,true],"woocommerce_gallery_thumbnail":["https:\/\/evolutioncalifornia.com\/wp-content\/uploads\/2025\/03\/45-100x100.png",100,100,true]},"uagb_author_info":{"display_name":"Gilbert Fernandez de Lara Hern\u00e1ndez","author_link":"https:\/\/evolutioncalifornia.com\/esp\/author\/"},"uagb_comment_info":0,"uagb_excerpt":"Crema Antiedad La \u00faltima tecnolog\u00eda en desarrollo antiedad para la piel del hombre. Con ingredientes org\u00e1nicos, genera una capa de protecci\u00f3n sobre la piel contra radicales libres, evitando la oxidaci\u00f3n y ayudando a la humectaci\u00f3n. Contiene p\u00e9ptidos que estimulan la producci\u00f3n natural de elastina y col\u00e1geno, favoreciendo el desvanecimiento progresivo de arrugas y manchas. *Producto&hellip;","_links":{"self":[{"href":"https:\/\/evolutioncalifornia.com\/esp\/wp-json\/wp\/v2\/product\/3877","targetHints":{"allow":["GET"]}}],"collection":[{"href":"https:\/\/evolutioncalifornia.com\/esp\/wp-json\/wp\/v2\/product"}],"about":[{"href":"https:\/\/evolutioncalifornia.com\/esp\/wp-json\/wp\/v2\/types\/product"}],"wp:featuredmedia":[{"embeddable":true,"href":"https:\/\/evolutioncalifornia.com\/esp\/wp-json\/wp\/v2\/media\/3854"}],"wp:attachment":[{"href":"https:\/\/evolutioncalifornia.com\/esp\/wp-json\/wp\/v2\/media?parent=3877"}],"wp:term":[{"taxonomy":"product_brand","embeddable":true,"href":"https:\/\/evolutioncalifornia.com\/esp\/wp-json\/wp\/v2\/product_brand?post=3877"},{"taxonomy":"product_cat","embeddable":true,"href":"https:\/\/evolutioncalifornia.com\/esp\/wp-json\/wp\/v2\/product_cat?post=3877"},{"taxonomy":"product_tag","embeddable":true,"href":"https:\/\/evolutioncalifornia.com\/esp\/wp-json\/wp\/v2\/product_tag?post=3877"}],"curies":[{"name":"wp","href":"https:\/\/api.w.org\/{rel}","templated":true}]}}