{"id":3328,"date":"2025-03-07T04:34:06","date_gmt":"2025-03-07T04:34:06","guid":{"rendered":"https:\/\/evolutioncalifornia.com\/?post_type=product&#038;p=3328"},"modified":"2025-03-12T06:45:00","modified_gmt":"2025-03-12T06:45:00","slug":"peroxide-developer-available-in-10-20-30-and-40-volumes-sizes-1-liter-and-5-liters-clone","status":"publish","type":"product","link":"https:\/\/evolutioncalifornia.com\/esp\/producto\/peroxide-developer-available-in-10-20-30-and-40-volumes-sizes-1-liter-and-5-liters-clone\/","title":{"rendered":"Revelador de per\u00f3xido. Disponible en 6, 10, 20, 30 y 40 vol\u00famenes. Tama\u00f1os: 1 litro y 5 litros."},"content":{"rendered":"","protected":false},"excerpt":{"rendered":"<p><strong>Evolution Peroxide Developer<br \/>\n<\/strong>Este revelador est\u00e1 dise\u00f1ado para mantenerse en su lugar, sin correrse ni gotear. Permite realizar reflejos y coloraciones dimensionales de forma m\u00e1s r\u00e1pida, sencilla y precisa. El activador en crema est\u00e1 espec\u00edficamente formulado para la oxidaci\u00f3n de tintes y decolorantes.<\/p>\n<p>Instrucciones:<br \/>\nSiga las instrucciones de mezcla y procesamiento proporcionadas con el color o aclarador de cabello elegido.<\/p>","protected":false},"featured_media":3384,"template":"","meta":{"om_disable_all_campaigns":false,"pagelayer_contact_templates":[],"_pagelayer_content":"","_uag_custom_page_level_css":"","site-sidebar-layout":"default","site-content-layout":"","ast-site-content-layout":"default","site-content-style":"default","site-sidebar-style":"default","ast-global-header-display":"","ast-banner-title-visibility":"","ast-main-header-display":"","ast-hfb-above-header-display":"","ast-hfb-below-header-display":"","ast-hfb-mobile-header-display":"","site-post-title":"","ast-breadcrumbs-content":"","ast-featured-img":"","footer-sml-layout":"","theme-transparent-header-meta":"default","adv-header-id-meta":"","stick-header-meta":"","header-above-stick-meta":"","header-main-stick-meta":"","header-below-stick-meta":"","astra-migrate-meta-layouts":"set","ast-page-background-enabled":"default","ast-page-background-meta":{"desktop":{"background-color":"var(--ast-global-color-4)","background-image":"","background-repeat":"repeat","background-position":"center center","background-size":"auto","background-attachment":"scroll","background-type":"","background-media":"","overlay-type":"","overlay-color":"","overlay-opacity":"","overlay-gradient":""},"tablet":{"background-color":"","background-image":"","background-repeat":"repeat","background-position":"center center","background-size":"auto","background-attachment":"scroll","background-type":"","background-media":"","overlay-type":"","overlay-color":"","overlay-opacity":"","overlay-gradient":""},"mobile":{"background-color":"","background-image":"","background-repeat":"repeat","background-position":"center center","background-size":"auto","background-attachment":"scroll","background-type":"","background-media":"","overlay-type":"","overlay-color":"","overlay-opacity":"","overlay-gradient":""}},"ast-content-background-meta":{"desktop":{"background-color":"var(--ast-global-color-5)","background-image":"","background-repeat":"repeat","background-position":"center center","background-size":"auto","background-attachment":"scroll","background-type":"","background-media":"","overlay-type":"","overlay-color":"","overlay-opacity":"","overlay-gradient":""},"tablet":{"background-color":"var(--ast-global-color-5)","background-image":"","background-repeat":"repeat","background-position":"center center","background-size":"auto","background-attachment":"scroll","background-type":"","background-media":"","overlay-type":"","overlay-color":"","overlay-opacity":"","overlay-gradient":""},"mobile":{"background-color":"var(--ast-global-color-5)","background-image":"","background-repeat":"repeat","background-position":"center center","background-size":"auto","background-attachment":"scroll","background-type":"","background-media":"","overlay-type":"","overlay-color":"","overlay-opacity":"","overlay-gradient":""}}},"product_brand":[],"product_cat":[39],"product_tag":[],"class_list":{"0":"post-3328","1":"product","2":"type-product","3":"status-publish","4":"has-post-thumbnail","6":"product_cat-pro","7":"desktop-align-center","8":"tablet-align-left","9":"mobile-align-left","11":"first","12":"instock","13":"shipping-taxable","14":"product-type-simple"},"yoast_head":"<!-- This site is optimized with the Yoast SEO plugin v27.2 - https:\/\/yoast.com\/product\/yoast-seo-wordpress\/ -->\n<title>Peroxide Developer Available in 6, 10, 20, 30, and 40 volumes. Sizes: 1 liter and 5 liters. - Evolution<\/title>\n<meta name=\"robots\" content=\"index, follow, max-snippet:-1, max-image-preview:large, max-video-preview:-1\" \/>\n<link rel=\"canonical\" href=\"https:\/\/evolutioncalifornia.com\/esp\/producto\/peroxide-developer-available-in-10-20-30-and-40-volumes-sizes-1-liter-and-5-liters-clone\/\" \/>\n<meta property=\"og:locale\" content=\"es_MX\" \/>\n<meta property=\"og:type\" content=\"article\" \/>\n<meta property=\"og:title\" content=\"Peroxide Developer Available in 6, 10, 20, 30, and 40 volumes. Sizes: 1 liter and 5 liters. - Evolution\" \/>\n<meta property=\"og:description\" content=\"Evolution Peroxide Developer This developer is designed to stay in place\u2014no running or dripping. It allows for faster, easier, and more precise highlighting and dimensional hair coloring. The cream activator is specifically formulated for the oxidation of dyes and bleaches.  Directions: Follow the mixing and processing instructions provided with your chosen hair color or lightener.\" \/>\n<meta property=\"og:url\" content=\"https:\/\/evolutioncalifornia.com\/esp\/producto\/peroxide-developer-available-in-10-20-30-and-40-volumes-sizes-1-liter-and-5-liters-clone\/\" \/>\n<meta property=\"og:site_name\" content=\"Evolution\" \/>\n<meta property=\"article:modified_time\" content=\"2025-03-12T06:45:00+00:00\" \/>\n<meta property=\"og:image\" content=\"https:\/\/evolutioncalifornia.com\/wp-content\/uploads\/2025\/03\/Copy-of-Lustre-Dew-Cleanser-11.png\" \/>\n\t<meta property=\"og:image:width\" content=\"940\" \/>\n\t<meta property=\"og:image:height\" content=\"788\" \/>\n\t<meta property=\"og:image:type\" content=\"image\/png\" \/>\n<meta name=\"twitter:card\" content=\"summary_large_image\" \/>\n<meta name=\"twitter:label1\" content=\"Tiempo de lectura\" \/>\n\t<meta name=\"twitter:data1\" content=\"1 minuto\" \/>\n<script type=\"application\/ld+json\" class=\"yoast-schema-graph\">{\"@context\":\"https:\/\/schema.org\",\"@graph\":[{\"@type\":\"WebPage\",\"@id\":\"https:\/\/evolutioncalifornia.com\/product\/peroxide-developer-available-in-10-20-30-and-40-volumes-sizes-1-liter-and-5-liters-clone\/\",\"url\":\"https:\/\/evolutioncalifornia.com\/product\/peroxide-developer-available-in-10-20-30-and-40-volumes-sizes-1-liter-and-5-liters-clone\/\",\"name\":\"Peroxide Developer Available in 6, 10, 20, 30, and 40 volumes. Sizes: 1 liter and 5 liters. - Evolution\",\"isPartOf\":{\"@id\":\"https:\/\/evolutioncalifornia.com\/#website\"},\"primaryImageOfPage\":{\"@id\":\"https:\/\/evolutioncalifornia.com\/product\/peroxide-developer-available-in-10-20-30-and-40-volumes-sizes-1-liter-and-5-liters-clone\/#primaryimage\"},\"image\":{\"@id\":\"https:\/\/evolutioncalifornia.com\/product\/peroxide-developer-available-in-10-20-30-and-40-volumes-sizes-1-liter-and-5-liters-clone\/#primaryimage\"},\"thumbnailUrl\":\"https:\/\/evolutioncalifornia.com\/wp-content\/uploads\/2025\/03\/Copy-of-Lustre-Dew-Cleanser-11.png\",\"datePublished\":\"2025-03-07T04:34:06+00:00\",\"dateModified\":\"2025-03-12T06:45:00+00:00\",\"breadcrumb\":{\"@id\":\"https:\/\/evolutioncalifornia.com\/product\/peroxide-developer-available-in-10-20-30-and-40-volumes-sizes-1-liter-and-5-liters-clone\/#breadcrumb\"},\"inLanguage\":\"es\",\"potentialAction\":[{\"@type\":\"ReadAction\",\"target\":[\"https:\/\/evolutioncalifornia.com\/product\/peroxide-developer-available-in-10-20-30-and-40-volumes-sizes-1-liter-and-5-liters-clone\/\"]}]},{\"@type\":\"ImageObject\",\"inLanguage\":\"es\",\"@id\":\"https:\/\/evolutioncalifornia.com\/product\/peroxide-developer-available-in-10-20-30-and-40-volumes-sizes-1-liter-and-5-liters-clone\/#primaryimage\",\"url\":\"https:\/\/evolutioncalifornia.com\/wp-content\/uploads\/2025\/03\/Copy-of-Lustre-Dew-Cleanser-11.png\",\"contentUrl\":\"https:\/\/evolutioncalifornia.com\/wp-content\/uploads\/2025\/03\/Copy-of-Lustre-Dew-Cleanser-11.png\",\"width\":940,\"height\":788},{\"@type\":\"BreadcrumbList\",\"@id\":\"https:\/\/evolutioncalifornia.com\/product\/peroxide-developer-available-in-10-20-30-and-40-volumes-sizes-1-liter-and-5-liters-clone\/#breadcrumb\",\"itemListElement\":[{\"@type\":\"ListItem\",\"position\":1,\"name\":\"Home\",\"item\":\"https:\/\/evolutioncalifornia.com\/\"},{\"@type\":\"ListItem\",\"position\":2,\"name\":\"Products\",\"item\":\"https:\/\/evolutioncalifornia.com\/shop\/\"},{\"@type\":\"ListItem\",\"position\":3,\"name\":\"Peroxide Developer Available in 6, 10, 20, 30, and 40 volumes. Sizes: 1 liter and 5 liters.\"}]},{\"@type\":\"WebSite\",\"@id\":\"https:\/\/evolutioncalifornia.com\/#website\",\"url\":\"https:\/\/evolutioncalifornia.com\/\",\"name\":\"Evolution\",\"description\":\"My WordPress Blog\",\"publisher\":{\"@id\":\"https:\/\/evolutioncalifornia.com\/#organization\"},\"potentialAction\":[{\"@type\":\"SearchAction\",\"target\":{\"@type\":\"EntryPoint\",\"urlTemplate\":\"https:\/\/evolutioncalifornia.com\/?s={search_term_string}\"},\"query-input\":{\"@type\":\"PropertyValueSpecification\",\"valueRequired\":true,\"valueName\":\"search_term_string\"}}],\"inLanguage\":\"es\"},{\"@type\":\"Organization\",\"@id\":\"https:\/\/evolutioncalifornia.com\/#organization\",\"name\":\"Evolution\",\"url\":\"https:\/\/evolutioncalifornia.com\/\",\"logo\":{\"@type\":\"ImageObject\",\"inLanguage\":\"es\",\"@id\":\"https:\/\/evolutioncalifornia.com\/#\/schema\/logo\/image\/\",\"url\":\"https:\/\/evolutioncalifornia.com\/wp-content\/uploads\/2021\/11\/logo-green.svg\",\"contentUrl\":\"https:\/\/evolutioncalifornia.com\/wp-content\/uploads\/2021\/11\/logo-green.svg\",\"width\":86,\"height\":72,\"caption\":\"Evolution\"},\"image\":{\"@id\":\"https:\/\/evolutioncalifornia.com\/#\/schema\/logo\/image\/\"}}]}<\/script>\n<!-- \/ Yoast SEO plugin. -->","yoast_head_json":{"title":"Peroxide Developer Available in 6, 10, 20, 30, and 40 volumes. Sizes: 1 liter and 5 liters. - Evolution","robots":{"index":"index","follow":"follow","max-snippet":"max-snippet:-1","max-image-preview":"max-image-preview:large","max-video-preview":"max-video-preview:-1"},"canonical":"https:\/\/evolutioncalifornia.com\/esp\/producto\/peroxide-developer-available-in-10-20-30-and-40-volumes-sizes-1-liter-and-5-liters-clone\/","og_locale":"es_MX","og_type":"article","og_title":"Peroxide Developer Available in 6, 10, 20, 30, and 40 volumes. Sizes: 1 liter and 5 liters. - Evolution","og_description":"Evolution Peroxide Developer This developer is designed to stay in place\u2014no running or dripping. It allows for faster, easier, and more precise highlighting and dimensional hair coloring. The cream activator is specifically formulated for the oxidation of dyes and bleaches.  Directions: Follow the mixing and processing instructions provided with your chosen hair color or lightener.","og_url":"https:\/\/evolutioncalifornia.com\/esp\/producto\/peroxide-developer-available-in-10-20-30-and-40-volumes-sizes-1-liter-and-5-liters-clone\/","og_site_name":"Evolution","article_modified_time":"2025-03-12T06:45:00+00:00","og_image":[{"width":940,"height":788,"url":"https:\/\/evolutioncalifornia.com\/wp-content\/uploads\/2025\/03\/Copy-of-Lustre-Dew-Cleanser-11.png","type":"image\/png"}],"twitter_card":"summary_large_image","twitter_misc":{"Tiempo de lectura":"1 minuto"},"schema":{"@context":"https:\/\/schema.org","@graph":[{"@type":"WebPage","@id":"https:\/\/evolutioncalifornia.com\/product\/peroxide-developer-available-in-10-20-30-and-40-volumes-sizes-1-liter-and-5-liters-clone\/","url":"https:\/\/evolutioncalifornia.com\/product\/peroxide-developer-available-in-10-20-30-and-40-volumes-sizes-1-liter-and-5-liters-clone\/","name":"Peroxide Developer Available in 6, 10, 20, 30, and 40 volumes. Sizes: 1 liter and 5 liters. - Evolution","isPartOf":{"@id":"https:\/\/evolutioncalifornia.com\/#website"},"primaryImageOfPage":{"@id":"https:\/\/evolutioncalifornia.com\/product\/peroxide-developer-available-in-10-20-30-and-40-volumes-sizes-1-liter-and-5-liters-clone\/#primaryimage"},"image":{"@id":"https:\/\/evolutioncalifornia.com\/product\/peroxide-developer-available-in-10-20-30-and-40-volumes-sizes-1-liter-and-5-liters-clone\/#primaryimage"},"thumbnailUrl":"https:\/\/evolutioncalifornia.com\/wp-content\/uploads\/2025\/03\/Copy-of-Lustre-Dew-Cleanser-11.png","datePublished":"2025-03-07T04:34:06+00:00","dateModified":"2025-03-12T06:45:00+00:00","breadcrumb":{"@id":"https:\/\/evolutioncalifornia.com\/product\/peroxide-developer-available-in-10-20-30-and-40-volumes-sizes-1-liter-and-5-liters-clone\/#breadcrumb"},"inLanguage":"es","potentialAction":[{"@type":"ReadAction","target":["https:\/\/evolutioncalifornia.com\/product\/peroxide-developer-available-in-10-20-30-and-40-volumes-sizes-1-liter-and-5-liters-clone\/"]}]},{"@type":"ImageObject","inLanguage":"es","@id":"https:\/\/evolutioncalifornia.com\/product\/peroxide-developer-available-in-10-20-30-and-40-volumes-sizes-1-liter-and-5-liters-clone\/#primaryimage","url":"https:\/\/evolutioncalifornia.com\/wp-content\/uploads\/2025\/03\/Copy-of-Lustre-Dew-Cleanser-11.png","contentUrl":"https:\/\/evolutioncalifornia.com\/wp-content\/uploads\/2025\/03\/Copy-of-Lustre-Dew-Cleanser-11.png","width":940,"height":788},{"@type":"BreadcrumbList","@id":"https:\/\/evolutioncalifornia.com\/product\/peroxide-developer-available-in-10-20-30-and-40-volumes-sizes-1-liter-and-5-liters-clone\/#breadcrumb","itemListElement":[{"@type":"ListItem","position":1,"name":"Home","item":"https:\/\/evolutioncalifornia.com\/"},{"@type":"ListItem","position":2,"name":"Products","item":"https:\/\/evolutioncalifornia.com\/shop\/"},{"@type":"ListItem","position":3,"name":"Peroxide Developer Available in 6, 10, 20, 30, and 40 volumes. Sizes: 1 liter and 5 liters."}]},{"@type":"WebSite","@id":"https:\/\/evolutioncalifornia.com\/#website","url":"https:\/\/evolutioncalifornia.com\/","name":"Evolution","description":"My WordPress Blog","publisher":{"@id":"https:\/\/evolutioncalifornia.com\/#organization"},"potentialAction":[{"@type":"SearchAction","target":{"@type":"EntryPoint","urlTemplate":"https:\/\/evolutioncalifornia.com\/?s={search_term_string}"},"query-input":{"@type":"PropertyValueSpecification","valueRequired":true,"valueName":"search_term_string"}}],"inLanguage":"es"},{"@type":"Organization","@id":"https:\/\/evolutioncalifornia.com\/#organization","name":"Evolution","url":"https:\/\/evolutioncalifornia.com\/","logo":{"@type":"ImageObject","inLanguage":"es","@id":"https:\/\/evolutioncalifornia.com\/#\/schema\/logo\/image\/","url":"https:\/\/evolutioncalifornia.com\/wp-content\/uploads\/2021\/11\/logo-green.svg","contentUrl":"https:\/\/evolutioncalifornia.com\/wp-content\/uploads\/2021\/11\/logo-green.svg","width":86,"height":72,"caption":"Evolution"},"image":{"@id":"https:\/\/evolutioncalifornia.com\/#\/schema\/logo\/image\/"}}]}},"uagb_featured_image_src":{"full":["https:\/\/evolutioncalifornia.com\/wp-content\/uploads\/2025\/03\/Copy-of-Lustre-Dew-Cleanser-11.png",940,788,false],"thumbnail":["https:\/\/evolutioncalifornia.com\/wp-content\/uploads\/2025\/03\/Copy-of-Lustre-Dew-Cleanser-11-150x150.png",150,150,true],"medium":["https:\/\/evolutioncalifornia.com\/wp-content\/uploads\/2025\/03\/Copy-of-Lustre-Dew-Cleanser-11-300x251.png",300,251,true],"medium_large":["https:\/\/evolutioncalifornia.com\/wp-content\/uploads\/2025\/03\/Copy-of-Lustre-Dew-Cleanser-11-768x644.png",768,644,true],"large":["https:\/\/evolutioncalifornia.com\/wp-content\/uploads\/2025\/03\/Copy-of-Lustre-Dew-Cleanser-11.png",940,788,false],"1536x1536":["https:\/\/evolutioncalifornia.com\/wp-content\/uploads\/2025\/03\/Copy-of-Lustre-Dew-Cleanser-11.png",940,788,false],"2048x2048":["https:\/\/evolutioncalifornia.com\/wp-content\/uploads\/2025\/03\/Copy-of-Lustre-Dew-Cleanser-11.png",940,788,false],"trp-custom-language-flag":["https:\/\/evolutioncalifornia.com\/wp-content\/uploads\/2025\/03\/Copy-of-Lustre-Dew-Cleanser-11-14x12.png",14,12,true],"woocommerce_thumbnail":["https:\/\/evolutioncalifornia.com\/wp-content\/uploads\/2025\/03\/Copy-of-Lustre-Dew-Cleanser-11-300x300.png",300,300,true],"woocommerce_single":["https:\/\/evolutioncalifornia.com\/wp-content\/uploads\/2025\/03\/Copy-of-Lustre-Dew-Cleanser-11-600x503.png",600,503,true],"woocommerce_gallery_thumbnail":["https:\/\/evolutioncalifornia.com\/wp-content\/uploads\/2025\/03\/Copy-of-Lustre-Dew-Cleanser-11-100x100.png",100,100,true]},"uagb_author_info":{"display_name":"Gilbert Fernandez de Lara Hern\u00e1ndez","author_link":"https:\/\/evolutioncalifornia.com\/esp\/author\/"},"uagb_comment_info":0,"uagb_excerpt":"Evolution Peroxide Developer This developer is designed to stay in place\u2014no running or dripping. It allows for faster, easier, and more precise highlighting and dimensional hair coloring. The cream activator is specifically formulated for the oxidation of dyes and bleaches. Directions: Follow the mixing and processing instructions provided with your chosen hair color or lightener.","_links":{"self":[{"href":"https:\/\/evolutioncalifornia.com\/esp\/wp-json\/wp\/v2\/product\/3328","targetHints":{"allow":["GET"]}}],"collection":[{"href":"https:\/\/evolutioncalifornia.com\/esp\/wp-json\/wp\/v2\/product"}],"about":[{"href":"https:\/\/evolutioncalifornia.com\/esp\/wp-json\/wp\/v2\/types\/product"}],"wp:featuredmedia":[{"embeddable":true,"href":"https:\/\/evolutioncalifornia.com\/esp\/wp-json\/wp\/v2\/media\/3384"}],"wp:attachment":[{"href":"https:\/\/evolutioncalifornia.com\/esp\/wp-json\/wp\/v2\/media?parent=3328"}],"wp:term":[{"taxonomy":"product_brand","embeddable":true,"href":"https:\/\/evolutioncalifornia.com\/esp\/wp-json\/wp\/v2\/product_brand?post=3328"},{"taxonomy":"product_cat","embeddable":true,"href":"https:\/\/evolutioncalifornia.com\/esp\/wp-json\/wp\/v2\/product_cat?post=3328"},{"taxonomy":"product_tag","embeddable":true,"href":"https:\/\/evolutioncalifornia.com\/esp\/wp-json\/wp\/v2\/product_tag?post=3328"}],"curies":[{"name":"wp","href":"https:\/\/api.w.org\/{rel}","templated":true}]}}