{"id":3213,"date":"2025-02-27T04:32:40","date_gmt":"2025-02-27T04:32:40","guid":{"rendered":"https:\/\/evolutioncalifornia.com\/?post_type=product&#038;p=3213"},"modified":"2025-03-27T05:49:42","modified_gmt":"2025-03-27T05:49:42","slug":"hair-grow","status":"publish","type":"product","link":"https:\/\/evolutioncalifornia.com\/esp\/producto\/hair-grow\/","title":{"rendered":"HaireGrow Shampoo 34 Oz"},"content":{"rendered":"","protected":false},"excerpt":{"rendered":"<p>Este shampoo est\u00e1 elaborado con una combinaci\u00f3n de finas hierbas y extractos orientales, incluyendo la \u00faltima tecnolog\u00eda de c\u00e9lulas madre vegetales (tecnolog\u00eda de encapsulaci\u00f3n patentada) y placenta vegetal. Reestructura el tejido celular en el bulbo mediante la transferencia de c\u00e9lulas mitocondriales. Adem\u00e1s, equilibra la limpieza, la protecci\u00f3n y la nutrici\u00f3n, favoreciendo el crecimiento del cabello, previniendo la acumulaci\u00f3n de grasa, la sequedad del cuero cabelludo y la mayor\u00eda de los problemas del cuero cabelludo y el cabello.<\/p>","protected":false},"featured_media":3214,"template":"","meta":{"om_disable_all_campaigns":false,"pagelayer_contact_templates":[],"_pagelayer_content":"","_uag_custom_page_level_css":"","site-sidebar-layout":"default","site-content-layout":"","ast-site-content-layout":"default","site-content-style":"default","site-sidebar-style":"default","ast-global-header-display":"","ast-banner-title-visibility":"","ast-main-header-display":"","ast-hfb-above-header-display":"","ast-hfb-below-header-display":"","ast-hfb-mobile-header-display":"","site-post-title":"","ast-breadcrumbs-content":"","ast-featured-img":"","footer-sml-layout":"","theme-transparent-header-meta":"default","adv-header-id-meta":"","stick-header-meta":"","header-above-stick-meta":"","header-main-stick-meta":"","header-below-stick-meta":"","astra-migrate-meta-layouts":"set","ast-page-background-enabled":"default","ast-page-background-meta":{"desktop":{"background-color":"var(--ast-global-color-4)","background-image":"","background-repeat":"repeat","background-position":"center center","background-size":"auto","background-attachment":"scroll","background-type":"","background-media":"","overlay-type":"","overlay-color":"","overlay-opacity":"","overlay-gradient":""},"tablet":{"background-color":"","background-image":"","background-repeat":"repeat","background-position":"center center","background-size":"auto","background-attachment":"scroll","background-type":"","background-media":"","overlay-type":"","overlay-color":"","overlay-opacity":"","overlay-gradient":""},"mobile":{"background-color":"","background-image":"","background-repeat":"repeat","background-position":"center center","background-size":"auto","background-attachment":"scroll","background-type":"","background-media":"","overlay-type":"","overlay-color":"","overlay-opacity":"","overlay-gradient":""}},"ast-content-background-meta":{"desktop":{"background-color":"var(--ast-global-color-5)","background-image":"","background-repeat":"repeat","background-position":"center center","background-size":"auto","background-attachment":"scroll","background-type":"","background-media":"","overlay-type":"","overlay-color":"","overlay-opacity":"","overlay-gradient":""},"tablet":{"background-color":"var(--ast-global-color-5)","background-image":"","background-repeat":"repeat","background-position":"center center","background-size":"auto","background-attachment":"scroll","background-type":"","background-media":"","overlay-type":"","overlay-color":"","overlay-opacity":"","overlay-gradient":""},"mobile":{"background-color":"var(--ast-global-color-5)","background-image":"","background-repeat":"repeat","background-position":"center center","background-size":"auto","background-attachment":"scroll","background-type":"","background-media":"","overlay-type":"","overlay-color":"","overlay-opacity":"","overlay-gradient":""}}},"product_brand":[],"product_cat":[29],"product_tag":[],"class_list":{"0":"post-3213","1":"product","2":"type-product","3":"status-publish","4":"has-post-thumbnail","6":"product_cat-hairegrow","7":"desktop-align-center","8":"tablet-align-left","9":"mobile-align-left","11":"first","12":"instock","13":"shipping-taxable","14":"product-type-simple"},"yoast_head":"<!-- This site is optimized with the Yoast SEO plugin v27.2 - https:\/\/yoast.com\/product\/yoast-seo-wordpress\/ -->\n<title>HaireGrow Shampoo 34 Oz - Evolution<\/title>\n<meta name=\"robots\" content=\"index, follow, max-snippet:-1, max-image-preview:large, max-video-preview:-1\" \/>\n<link rel=\"canonical\" href=\"https:\/\/evolutioncalifornia.com\/esp\/producto\/hair-grow\/\" \/>\n<meta property=\"og:locale\" content=\"es_MX\" \/>\n<meta property=\"og:type\" content=\"article\" \/>\n<meta property=\"og:title\" content=\"HaireGrow Shampoo 34 Oz - Evolution\" \/>\n<meta property=\"og:description\" content=\"This shampoo is made with a combination of fine Oriental herbs and extracts, including the latest vegetal stem cell technology (patented encapsulation technology) and vegetal placenta. It creates cellular tissue-level restructuring at the bulb, using mitochondrial cell transfer. The shampoo also balances cleaning, protection, and nutrition, helping with hair growth, preventing oil buildup, dry scalp, and most other scalp and hair problems.\" \/>\n<meta property=\"og:url\" content=\"https:\/\/evolutioncalifornia.com\/esp\/producto\/hair-grow\/\" \/>\n<meta property=\"og:site_name\" content=\"Evolution\" \/>\n<meta property=\"article:modified_time\" content=\"2025-03-27T05:49:42+00:00\" \/>\n<meta property=\"og:image\" content=\"https:\/\/evolutioncalifornia.com\/wp-content\/uploads\/2025\/02\/Copy-of-Lustre-Dew-Cleanser-13.png\" \/>\n\t<meta property=\"og:image:width\" content=\"940\" \/>\n\t<meta property=\"og:image:height\" content=\"788\" \/>\n\t<meta property=\"og:image:type\" content=\"image\/png\" \/>\n<meta name=\"twitter:card\" content=\"summary_large_image\" \/>\n<meta name=\"twitter:label1\" content=\"Tiempo de lectura\" \/>\n\t<meta name=\"twitter:data1\" content=\"1 minuto\" \/>\n<script type=\"application\/ld+json\" class=\"yoast-schema-graph\">{\"@context\":\"https:\/\/schema.org\",\"@graph\":[{\"@type\":\"WebPage\",\"@id\":\"https:\/\/evolutioncalifornia.com\/product\/hair-grow\/\",\"url\":\"https:\/\/evolutioncalifornia.com\/product\/hair-grow\/\",\"name\":\"HaireGrow Shampoo 34 Oz - Evolution\",\"isPartOf\":{\"@id\":\"https:\/\/evolutioncalifornia.com\/#website\"},\"primaryImageOfPage\":{\"@id\":\"https:\/\/evolutioncalifornia.com\/product\/hair-grow\/#primaryimage\"},\"image\":{\"@id\":\"https:\/\/evolutioncalifornia.com\/product\/hair-grow\/#primaryimage\"},\"thumbnailUrl\":\"https:\/\/evolutioncalifornia.com\/wp-content\/uploads\/2025\/02\/Copy-of-Lustre-Dew-Cleanser-13.png\",\"datePublished\":\"2025-02-27T04:32:40+00:00\",\"dateModified\":\"2025-03-27T05:49:42+00:00\",\"breadcrumb\":{\"@id\":\"https:\/\/evolutioncalifornia.com\/product\/hair-grow\/#breadcrumb\"},\"inLanguage\":\"es\",\"potentialAction\":[{\"@type\":\"ReadAction\",\"target\":[\"https:\/\/evolutioncalifornia.com\/product\/hair-grow\/\"]}]},{\"@type\":\"ImageObject\",\"inLanguage\":\"es\",\"@id\":\"https:\/\/evolutioncalifornia.com\/product\/hair-grow\/#primaryimage\",\"url\":\"https:\/\/evolutioncalifornia.com\/wp-content\/uploads\/2025\/02\/Copy-of-Lustre-Dew-Cleanser-13.png\",\"contentUrl\":\"https:\/\/evolutioncalifornia.com\/wp-content\/uploads\/2025\/02\/Copy-of-Lustre-Dew-Cleanser-13.png\",\"width\":940,\"height\":788},{\"@type\":\"BreadcrumbList\",\"@id\":\"https:\/\/evolutioncalifornia.com\/product\/hair-grow\/#breadcrumb\",\"itemListElement\":[{\"@type\":\"ListItem\",\"position\":1,\"name\":\"Home\",\"item\":\"https:\/\/evolutioncalifornia.com\/\"},{\"@type\":\"ListItem\",\"position\":2,\"name\":\"Products\",\"item\":\"https:\/\/evolutioncalifornia.com\/shop\/\"},{\"@type\":\"ListItem\",\"position\":3,\"name\":\"HaireGrow Shampoo 34 Oz\"}]},{\"@type\":\"WebSite\",\"@id\":\"https:\/\/evolutioncalifornia.com\/#website\",\"url\":\"https:\/\/evolutioncalifornia.com\/\",\"name\":\"Evolution\",\"description\":\"My WordPress Blog\",\"publisher\":{\"@id\":\"https:\/\/evolutioncalifornia.com\/#organization\"},\"potentialAction\":[{\"@type\":\"SearchAction\",\"target\":{\"@type\":\"EntryPoint\",\"urlTemplate\":\"https:\/\/evolutioncalifornia.com\/?s={search_term_string}\"},\"query-input\":{\"@type\":\"PropertyValueSpecification\",\"valueRequired\":true,\"valueName\":\"search_term_string\"}}],\"inLanguage\":\"es\"},{\"@type\":\"Organization\",\"@id\":\"https:\/\/evolutioncalifornia.com\/#organization\",\"name\":\"Evolution\",\"url\":\"https:\/\/evolutioncalifornia.com\/\",\"logo\":{\"@type\":\"ImageObject\",\"inLanguage\":\"es\",\"@id\":\"https:\/\/evolutioncalifornia.com\/#\/schema\/logo\/image\/\",\"url\":\"https:\/\/evolutioncalifornia.com\/wp-content\/uploads\/2021\/11\/logo-green.svg\",\"contentUrl\":\"https:\/\/evolutioncalifornia.com\/wp-content\/uploads\/2021\/11\/logo-green.svg\",\"width\":86,\"height\":72,\"caption\":\"Evolution\"},\"image\":{\"@id\":\"https:\/\/evolutioncalifornia.com\/#\/schema\/logo\/image\/\"}}]}<\/script>\n<!-- \/ Yoast SEO plugin. -->","yoast_head_json":{"title":"HaireGrow Shampoo 34 Oz - Evolution","robots":{"index":"index","follow":"follow","max-snippet":"max-snippet:-1","max-image-preview":"max-image-preview:large","max-video-preview":"max-video-preview:-1"},"canonical":"https:\/\/evolutioncalifornia.com\/esp\/producto\/hair-grow\/","og_locale":"es_MX","og_type":"article","og_title":"HaireGrow Shampoo 34 Oz - Evolution","og_description":"This shampoo is made with a combination of fine Oriental herbs and extracts, including the latest vegetal stem cell technology (patented encapsulation technology) and vegetal placenta. It creates cellular tissue-level restructuring at the bulb, using mitochondrial cell transfer. The shampoo also balances cleaning, protection, and nutrition, helping with hair growth, preventing oil buildup, dry scalp, and most other scalp and hair problems.","og_url":"https:\/\/evolutioncalifornia.com\/esp\/producto\/hair-grow\/","og_site_name":"Evolution","article_modified_time":"2025-03-27T05:49:42+00:00","og_image":[{"width":940,"height":788,"url":"https:\/\/evolutioncalifornia.com\/wp-content\/uploads\/2025\/02\/Copy-of-Lustre-Dew-Cleanser-13.png","type":"image\/png"}],"twitter_card":"summary_large_image","twitter_misc":{"Tiempo de lectura":"1 minuto"},"schema":{"@context":"https:\/\/schema.org","@graph":[{"@type":"WebPage","@id":"https:\/\/evolutioncalifornia.com\/product\/hair-grow\/","url":"https:\/\/evolutioncalifornia.com\/product\/hair-grow\/","name":"HaireGrow Shampoo 34 Oz - Evolution","isPartOf":{"@id":"https:\/\/evolutioncalifornia.com\/#website"},"primaryImageOfPage":{"@id":"https:\/\/evolutioncalifornia.com\/product\/hair-grow\/#primaryimage"},"image":{"@id":"https:\/\/evolutioncalifornia.com\/product\/hair-grow\/#primaryimage"},"thumbnailUrl":"https:\/\/evolutioncalifornia.com\/wp-content\/uploads\/2025\/02\/Copy-of-Lustre-Dew-Cleanser-13.png","datePublished":"2025-02-27T04:32:40+00:00","dateModified":"2025-03-27T05:49:42+00:00","breadcrumb":{"@id":"https:\/\/evolutioncalifornia.com\/product\/hair-grow\/#breadcrumb"},"inLanguage":"es","potentialAction":[{"@type":"ReadAction","target":["https:\/\/evolutioncalifornia.com\/product\/hair-grow\/"]}]},{"@type":"ImageObject","inLanguage":"es","@id":"https:\/\/evolutioncalifornia.com\/product\/hair-grow\/#primaryimage","url":"https:\/\/evolutioncalifornia.com\/wp-content\/uploads\/2025\/02\/Copy-of-Lustre-Dew-Cleanser-13.png","contentUrl":"https:\/\/evolutioncalifornia.com\/wp-content\/uploads\/2025\/02\/Copy-of-Lustre-Dew-Cleanser-13.png","width":940,"height":788},{"@type":"BreadcrumbList","@id":"https:\/\/evolutioncalifornia.com\/product\/hair-grow\/#breadcrumb","itemListElement":[{"@type":"ListItem","position":1,"name":"Home","item":"https:\/\/evolutioncalifornia.com\/"},{"@type":"ListItem","position":2,"name":"Products","item":"https:\/\/evolutioncalifornia.com\/shop\/"},{"@type":"ListItem","position":3,"name":"HaireGrow Shampoo 34 Oz"}]},{"@type":"WebSite","@id":"https:\/\/evolutioncalifornia.com\/#website","url":"https:\/\/evolutioncalifornia.com\/","name":"Evolution","description":"My WordPress Blog","publisher":{"@id":"https:\/\/evolutioncalifornia.com\/#organization"},"potentialAction":[{"@type":"SearchAction","target":{"@type":"EntryPoint","urlTemplate":"https:\/\/evolutioncalifornia.com\/?s={search_term_string}"},"query-input":{"@type":"PropertyValueSpecification","valueRequired":true,"valueName":"search_term_string"}}],"inLanguage":"es"},{"@type":"Organization","@id":"https:\/\/evolutioncalifornia.com\/#organization","name":"Evolution","url":"https:\/\/evolutioncalifornia.com\/","logo":{"@type":"ImageObject","inLanguage":"es","@id":"https:\/\/evolutioncalifornia.com\/#\/schema\/logo\/image\/","url":"https:\/\/evolutioncalifornia.com\/wp-content\/uploads\/2021\/11\/logo-green.svg","contentUrl":"https:\/\/evolutioncalifornia.com\/wp-content\/uploads\/2021\/11\/logo-green.svg","width":86,"height":72,"caption":"Evolution"},"image":{"@id":"https:\/\/evolutioncalifornia.com\/#\/schema\/logo\/image\/"}}]}},"uagb_featured_image_src":{"full":["https:\/\/evolutioncalifornia.com\/wp-content\/uploads\/2025\/02\/Copy-of-Lustre-Dew-Cleanser-13.png",940,788,false],"thumbnail":["https:\/\/evolutioncalifornia.com\/wp-content\/uploads\/2025\/02\/Copy-of-Lustre-Dew-Cleanser-13-150x150.png",150,150,true],"medium":["https:\/\/evolutioncalifornia.com\/wp-content\/uploads\/2025\/02\/Copy-of-Lustre-Dew-Cleanser-13-300x251.png",300,251,true],"medium_large":["https:\/\/evolutioncalifornia.com\/wp-content\/uploads\/2025\/02\/Copy-of-Lustre-Dew-Cleanser-13-768x644.png",768,644,true],"large":["https:\/\/evolutioncalifornia.com\/wp-content\/uploads\/2025\/02\/Copy-of-Lustre-Dew-Cleanser-13.png",940,788,false],"1536x1536":["https:\/\/evolutioncalifornia.com\/wp-content\/uploads\/2025\/02\/Copy-of-Lustre-Dew-Cleanser-13.png",940,788,false],"2048x2048":["https:\/\/evolutioncalifornia.com\/wp-content\/uploads\/2025\/02\/Copy-of-Lustre-Dew-Cleanser-13.png",940,788,false],"trp-custom-language-flag":["https:\/\/evolutioncalifornia.com\/wp-content\/uploads\/2025\/02\/Copy-of-Lustre-Dew-Cleanser-13.png",14,12,false],"woocommerce_thumbnail":["https:\/\/evolutioncalifornia.com\/wp-content\/uploads\/2025\/02\/Copy-of-Lustre-Dew-Cleanser-13-300x300.png",300,300,true],"woocommerce_single":["https:\/\/evolutioncalifornia.com\/wp-content\/uploads\/2025\/02\/Copy-of-Lustre-Dew-Cleanser-13-600x503.png",600,503,true],"woocommerce_gallery_thumbnail":["https:\/\/evolutioncalifornia.com\/wp-content\/uploads\/2025\/02\/Copy-of-Lustre-Dew-Cleanser-13-100x100.png",100,100,true]},"uagb_author_info":{"display_name":"Gilbert Fernandez de Lara Hern\u00e1ndez","author_link":"https:\/\/evolutioncalifornia.com\/esp\/author\/"},"uagb_comment_info":0,"uagb_excerpt":"This shampoo is made with a combination of fine Oriental herbs and extracts, including the latest vegetal stem cell technology (patented encapsulation technology) and vegetal placenta. It creates cellular tissue-level restructuring at the bulb, using mitochondrial cell transfer. The shampoo also balances cleaning, protection, and nutrition, helping with hair growth, preventing oil buildup, dry scalp,&hellip;","_links":{"self":[{"href":"https:\/\/evolutioncalifornia.com\/esp\/wp-json\/wp\/v2\/product\/3213","targetHints":{"allow":["GET"]}}],"collection":[{"href":"https:\/\/evolutioncalifornia.com\/esp\/wp-json\/wp\/v2\/product"}],"about":[{"href":"https:\/\/evolutioncalifornia.com\/esp\/wp-json\/wp\/v2\/types\/product"}],"wp:featuredmedia":[{"embeddable":true,"href":"https:\/\/evolutioncalifornia.com\/esp\/wp-json\/wp\/v2\/media\/3214"}],"wp:attachment":[{"href":"https:\/\/evolutioncalifornia.com\/esp\/wp-json\/wp\/v2\/media?parent=3213"}],"wp:term":[{"taxonomy":"product_brand","embeddable":true,"href":"https:\/\/evolutioncalifornia.com\/esp\/wp-json\/wp\/v2\/product_brand?post=3213"},{"taxonomy":"product_cat","embeddable":true,"href":"https:\/\/evolutioncalifornia.com\/esp\/wp-json\/wp\/v2\/product_cat?post=3213"},{"taxonomy":"product_tag","embeddable":true,"href":"https:\/\/evolutioncalifornia.com\/esp\/wp-json\/wp\/v2\/product_tag?post=3213"}],"curies":[{"name":"wp","href":"https:\/\/api.w.org\/{rel}","templated":true}]}}