{"id":2780,"date":"2025-02-22T05:18:40","date_gmt":"2025-02-22T05:18:40","guid":{"rendered":"https:\/\/evolutioncalifornia.com\/?post_type=product&#038;p=2780"},"modified":"2025-03-07T04:16:38","modified_gmt":"2025-03-07T04:16:38","slug":"eplex-mask-platinum-blonde","status":"publish","type":"product","link":"https:\/\/evolutioncalifornia.com\/esp\/producto\/eplex-mask-platinum-blonde\/","title":{"rendered":"Mascarilla Eplex Platinum Blonde"},"content":{"rendered":"","protected":false},"excerpt":{"rendered":"<p>La mascarilla capilar antiedad para rubio platino, enriquecida con aceite de arg\u00e1n y aceite de coco, es rica en \u00e1cidos grasos (omega 6), vitamina A y vitamina E. Proporciona una reparaci\u00f3n e hidrataci\u00f3n profundas, protegiendo las membranas celulares de la oxidaci\u00f3n y retardando el envejecimiento de la fibra capilar. Su uso prolongado mejora notablemente la flexibilidad y el brillo del cabello, a la vez que revitaliza e ilumina al instante el cabello opaco y sin vida, ya sea plateado, gris o blanco. Aporta vida, brillo y reduce los tonos amarillentos o cobrizos. Desarrollada espec\u00edficamente para cabello rubio y casta\u00f1o, mantiene tonos fr\u00edos, ricos y suntuosos, y neutraliza los tonos anaranjados o rojizos no deseados.<\/p>","protected":false},"featured_media":2734,"template":"","meta":{"om_disable_all_campaigns":false,"pagelayer_contact_templates":[],"_pagelayer_content":"","_uag_custom_page_level_css":"","site-sidebar-layout":"default","site-content-layout":"","ast-site-content-layout":"default","site-content-style":"default","site-sidebar-style":"default","ast-global-header-display":"","ast-banner-title-visibility":"","ast-main-header-display":"","ast-hfb-above-header-display":"","ast-hfb-below-header-display":"","ast-hfb-mobile-header-display":"","site-post-title":"","ast-breadcrumbs-content":"","ast-featured-img":"","footer-sml-layout":"","theme-transparent-header-meta":"default","adv-header-id-meta":"","stick-header-meta":"","header-above-stick-meta":"","header-main-stick-meta":"","header-below-stick-meta":"","astra-migrate-meta-layouts":"set","ast-page-background-enabled":"default","ast-page-background-meta":{"desktop":{"background-color":"var(--ast-global-color-4)","background-image":"","background-repeat":"repeat","background-position":"center center","background-size":"auto","background-attachment":"scroll","background-type":"","background-media":"","overlay-type":"","overlay-color":"","overlay-opacity":"","overlay-gradient":""},"tablet":{"background-color":"","background-image":"","background-repeat":"repeat","background-position":"center center","background-size":"auto","background-attachment":"scroll","background-type":"","background-media":"","overlay-type":"","overlay-color":"","overlay-opacity":"","overlay-gradient":""},"mobile":{"background-color":"","background-image":"","background-repeat":"repeat","background-position":"center center","background-size":"auto","background-attachment":"scroll","background-type":"","background-media":"","overlay-type":"","overlay-color":"","overlay-opacity":"","overlay-gradient":""}},"ast-content-background-meta":{"desktop":{"background-color":"var(--ast-global-color-5)","background-image":"","background-repeat":"repeat","background-position":"center center","background-size":"auto","background-attachment":"scroll","background-type":"","background-media":"","overlay-type":"","overlay-color":"","overlay-opacity":"","overlay-gradient":""},"tablet":{"background-color":"var(--ast-global-color-5)","background-image":"","background-repeat":"repeat","background-position":"center center","background-size":"auto","background-attachment":"scroll","background-type":"","background-media":"","overlay-type":"","overlay-color":"","overlay-opacity":"","overlay-gradient":""},"mobile":{"background-color":"var(--ast-global-color-5)","background-image":"","background-repeat":"repeat","background-position":"center center","background-size":"auto","background-attachment":"scroll","background-type":"","background-media":"","overlay-type":"","overlay-color":"","overlay-opacity":"","overlay-gradient":""}}},"product_brand":[],"product_cat":[25],"product_tag":[],"class_list":{"0":"post-2780","1":"product","2":"type-product","3":"status-publish","4":"has-post-thumbnail","6":"product_cat-eplex-platinum-blonde","7":"desktop-align-center","8":"tablet-align-left","9":"mobile-align-left","11":"first","12":"instock","13":"shipping-taxable","14":"product-type-simple"},"yoast_head":"<!-- This site is optimized with the Yoast SEO plugin v27.2 - https:\/\/yoast.com\/product\/yoast-seo-wordpress\/ -->\n<title>Eplex Mask Platinum Blonde - Evolution<\/title>\n<meta name=\"robots\" content=\"index, follow, max-snippet:-1, max-image-preview:large, max-video-preview:-1\" \/>\n<link rel=\"canonical\" href=\"https:\/\/evolutioncalifornia.com\/esp\/producto\/eplex-mask-platinum-blonde\/\" \/>\n<meta property=\"og:locale\" content=\"es_MX\" \/>\n<meta property=\"og:type\" content=\"article\" \/>\n<meta property=\"og:title\" content=\"Eplex Mask Platinum Blonde - Evolution\" \/>\n<meta property=\"og:description\" content=\"The anti-aging Platinum Blonde Hair Mask, infused with argan oil and coconut oil, is rich in fatty acids (omega 6), vitamin A, and vitamin E. It provides deep repair and hydration, protecting cell membranes against oxidation and slowing the aging of the hair fiber. Long-term use greatly improves hair flexibility and shine, while instantly revitalizing and brightening dull, lifeless silver, gray, or white hair. It adds life, shine, and reduces yellow or brassy tones. Developed specifically for blonde and brown hair, it maintains rich, luxurious cool tones and neutralizes any unwanted orange or red tones in the hair.\" \/>\n<meta property=\"og:url\" content=\"https:\/\/evolutioncalifornia.com\/esp\/producto\/eplex-mask-platinum-blonde\/\" \/>\n<meta property=\"og:site_name\" content=\"Evolution\" \/>\n<meta property=\"article:modified_time\" content=\"2025-03-07T04:16:38+00:00\" \/>\n<meta property=\"og:image\" content=\"https:\/\/evolutioncalifornia.com\/wp-content\/uploads\/2025\/02\/39.png\" \/>\n\t<meta property=\"og:image:width\" content=\"940\" \/>\n\t<meta property=\"og:image:height\" content=\"788\" \/>\n\t<meta property=\"og:image:type\" content=\"image\/png\" \/>\n<meta name=\"twitter:card\" content=\"summary_large_image\" \/>\n<meta name=\"twitter:label1\" content=\"Tiempo de lectura\" \/>\n\t<meta name=\"twitter:data1\" content=\"1 minuto\" \/>\n<script type=\"application\/ld+json\" class=\"yoast-schema-graph\">{\"@context\":\"https:\/\/schema.org\",\"@graph\":[{\"@type\":\"WebPage\",\"@id\":\"https:\/\/evolutioncalifornia.com\/product\/eplex-mask-platinum-blonde\/\",\"url\":\"https:\/\/evolutioncalifornia.com\/product\/eplex-mask-platinum-blonde\/\",\"name\":\"Eplex Mask Platinum Blonde - Evolution\",\"isPartOf\":{\"@id\":\"https:\/\/evolutioncalifornia.com\/#website\"},\"primaryImageOfPage\":{\"@id\":\"https:\/\/evolutioncalifornia.com\/product\/eplex-mask-platinum-blonde\/#primaryimage\"},\"image\":{\"@id\":\"https:\/\/evolutioncalifornia.com\/product\/eplex-mask-platinum-blonde\/#primaryimage\"},\"thumbnailUrl\":\"https:\/\/evolutioncalifornia.com\/wp-content\/uploads\/2025\/02\/39.png\",\"datePublished\":\"2025-02-22T05:18:40+00:00\",\"dateModified\":\"2025-03-07T04:16:38+00:00\",\"breadcrumb\":{\"@id\":\"https:\/\/evolutioncalifornia.com\/product\/eplex-mask-platinum-blonde\/#breadcrumb\"},\"inLanguage\":\"es\",\"potentialAction\":[{\"@type\":\"ReadAction\",\"target\":[\"https:\/\/evolutioncalifornia.com\/product\/eplex-mask-platinum-blonde\/\"]}]},{\"@type\":\"ImageObject\",\"inLanguage\":\"es\",\"@id\":\"https:\/\/evolutioncalifornia.com\/product\/eplex-mask-platinum-blonde\/#primaryimage\",\"url\":\"https:\/\/evolutioncalifornia.com\/wp-content\/uploads\/2025\/02\/39.png\",\"contentUrl\":\"https:\/\/evolutioncalifornia.com\/wp-content\/uploads\/2025\/02\/39.png\",\"width\":940,\"height\":788},{\"@type\":\"BreadcrumbList\",\"@id\":\"https:\/\/evolutioncalifornia.com\/product\/eplex-mask-platinum-blonde\/#breadcrumb\",\"itemListElement\":[{\"@type\":\"ListItem\",\"position\":1,\"name\":\"Home\",\"item\":\"https:\/\/evolutioncalifornia.com\/\"},{\"@type\":\"ListItem\",\"position\":2,\"name\":\"Products\",\"item\":\"https:\/\/evolutioncalifornia.com\/shop\/\"},{\"@type\":\"ListItem\",\"position\":3,\"name\":\"Eplex Mask Platinum Blonde\"}]},{\"@type\":\"WebSite\",\"@id\":\"https:\/\/evolutioncalifornia.com\/#website\",\"url\":\"https:\/\/evolutioncalifornia.com\/\",\"name\":\"Evolution\",\"description\":\"My WordPress Blog\",\"publisher\":{\"@id\":\"https:\/\/evolutioncalifornia.com\/#organization\"},\"potentialAction\":[{\"@type\":\"SearchAction\",\"target\":{\"@type\":\"EntryPoint\",\"urlTemplate\":\"https:\/\/evolutioncalifornia.com\/?s={search_term_string}\"},\"query-input\":{\"@type\":\"PropertyValueSpecification\",\"valueRequired\":true,\"valueName\":\"search_term_string\"}}],\"inLanguage\":\"es\"},{\"@type\":\"Organization\",\"@id\":\"https:\/\/evolutioncalifornia.com\/#organization\",\"name\":\"Evolution\",\"url\":\"https:\/\/evolutioncalifornia.com\/\",\"logo\":{\"@type\":\"ImageObject\",\"inLanguage\":\"es\",\"@id\":\"https:\/\/evolutioncalifornia.com\/#\/schema\/logo\/image\/\",\"url\":\"https:\/\/evolutioncalifornia.com\/wp-content\/uploads\/2021\/11\/logo-green.svg\",\"contentUrl\":\"https:\/\/evolutioncalifornia.com\/wp-content\/uploads\/2021\/11\/logo-green.svg\",\"width\":86,\"height\":72,\"caption\":\"Evolution\"},\"image\":{\"@id\":\"https:\/\/evolutioncalifornia.com\/#\/schema\/logo\/image\/\"}}]}<\/script>\n<!-- \/ Yoast SEO plugin. -->","yoast_head_json":{"title":"Eplex Mask Platinum Blonde - Evolution","robots":{"index":"index","follow":"follow","max-snippet":"max-snippet:-1","max-image-preview":"max-image-preview:large","max-video-preview":"max-video-preview:-1"},"canonical":"https:\/\/evolutioncalifornia.com\/esp\/producto\/eplex-mask-platinum-blonde\/","og_locale":"es_MX","og_type":"article","og_title":"Eplex Mask Platinum Blonde - Evolution","og_description":"The anti-aging Platinum Blonde Hair Mask, infused with argan oil and coconut oil, is rich in fatty acids (omega 6), vitamin A, and vitamin E. It provides deep repair and hydration, protecting cell membranes against oxidation and slowing the aging of the hair fiber. Long-term use greatly improves hair flexibility and shine, while instantly revitalizing and brightening dull, lifeless silver, gray, or white hair. It adds life, shine, and reduces yellow or brassy tones. Developed specifically for blonde and brown hair, it maintains rich, luxurious cool tones and neutralizes any unwanted orange or red tones in the hair.","og_url":"https:\/\/evolutioncalifornia.com\/esp\/producto\/eplex-mask-platinum-blonde\/","og_site_name":"Evolution","article_modified_time":"2025-03-07T04:16:38+00:00","og_image":[{"width":940,"height":788,"url":"https:\/\/evolutioncalifornia.com\/wp-content\/uploads\/2025\/02\/39.png","type":"image\/png"}],"twitter_card":"summary_large_image","twitter_misc":{"Tiempo de lectura":"1 minuto"},"schema":{"@context":"https:\/\/schema.org","@graph":[{"@type":"WebPage","@id":"https:\/\/evolutioncalifornia.com\/product\/eplex-mask-platinum-blonde\/","url":"https:\/\/evolutioncalifornia.com\/product\/eplex-mask-platinum-blonde\/","name":"Eplex Mask Platinum Blonde - Evolution","isPartOf":{"@id":"https:\/\/evolutioncalifornia.com\/#website"},"primaryImageOfPage":{"@id":"https:\/\/evolutioncalifornia.com\/product\/eplex-mask-platinum-blonde\/#primaryimage"},"image":{"@id":"https:\/\/evolutioncalifornia.com\/product\/eplex-mask-platinum-blonde\/#primaryimage"},"thumbnailUrl":"https:\/\/evolutioncalifornia.com\/wp-content\/uploads\/2025\/02\/39.png","datePublished":"2025-02-22T05:18:40+00:00","dateModified":"2025-03-07T04:16:38+00:00","breadcrumb":{"@id":"https:\/\/evolutioncalifornia.com\/product\/eplex-mask-platinum-blonde\/#breadcrumb"},"inLanguage":"es","potentialAction":[{"@type":"ReadAction","target":["https:\/\/evolutioncalifornia.com\/product\/eplex-mask-platinum-blonde\/"]}]},{"@type":"ImageObject","inLanguage":"es","@id":"https:\/\/evolutioncalifornia.com\/product\/eplex-mask-platinum-blonde\/#primaryimage","url":"https:\/\/evolutioncalifornia.com\/wp-content\/uploads\/2025\/02\/39.png","contentUrl":"https:\/\/evolutioncalifornia.com\/wp-content\/uploads\/2025\/02\/39.png","width":940,"height":788},{"@type":"BreadcrumbList","@id":"https:\/\/evolutioncalifornia.com\/product\/eplex-mask-platinum-blonde\/#breadcrumb","itemListElement":[{"@type":"ListItem","position":1,"name":"Home","item":"https:\/\/evolutioncalifornia.com\/"},{"@type":"ListItem","position":2,"name":"Products","item":"https:\/\/evolutioncalifornia.com\/shop\/"},{"@type":"ListItem","position":3,"name":"Eplex Mask Platinum Blonde"}]},{"@type":"WebSite","@id":"https:\/\/evolutioncalifornia.com\/#website","url":"https:\/\/evolutioncalifornia.com\/","name":"Evolution","description":"My WordPress Blog","publisher":{"@id":"https:\/\/evolutioncalifornia.com\/#organization"},"potentialAction":[{"@type":"SearchAction","target":{"@type":"EntryPoint","urlTemplate":"https:\/\/evolutioncalifornia.com\/?s={search_term_string}"},"query-input":{"@type":"PropertyValueSpecification","valueRequired":true,"valueName":"search_term_string"}}],"inLanguage":"es"},{"@type":"Organization","@id":"https:\/\/evolutioncalifornia.com\/#organization","name":"Evolution","url":"https:\/\/evolutioncalifornia.com\/","logo":{"@type":"ImageObject","inLanguage":"es","@id":"https:\/\/evolutioncalifornia.com\/#\/schema\/logo\/image\/","url":"https:\/\/evolutioncalifornia.com\/wp-content\/uploads\/2021\/11\/logo-green.svg","contentUrl":"https:\/\/evolutioncalifornia.com\/wp-content\/uploads\/2021\/11\/logo-green.svg","width":86,"height":72,"caption":"Evolution"},"image":{"@id":"https:\/\/evolutioncalifornia.com\/#\/schema\/logo\/image\/"}}]}},"uagb_featured_image_src":{"full":["https:\/\/evolutioncalifornia.com\/wp-content\/uploads\/2025\/02\/39.png",940,788,false],"thumbnail":["https:\/\/evolutioncalifornia.com\/wp-content\/uploads\/2025\/02\/39-150x150.png",150,150,true],"medium":["https:\/\/evolutioncalifornia.com\/wp-content\/uploads\/2025\/02\/39-300x251.png",300,251,true],"medium_large":["https:\/\/evolutioncalifornia.com\/wp-content\/uploads\/2025\/02\/39-768x644.png",768,644,true],"large":["https:\/\/evolutioncalifornia.com\/wp-content\/uploads\/2025\/02\/39.png",940,788,false],"1536x1536":["https:\/\/evolutioncalifornia.com\/wp-content\/uploads\/2025\/02\/39.png",940,788,false],"2048x2048":["https:\/\/evolutioncalifornia.com\/wp-content\/uploads\/2025\/02\/39.png",940,788,false],"trp-custom-language-flag":["https:\/\/evolutioncalifornia.com\/wp-content\/uploads\/2025\/02\/39.png",14,12,false],"woocommerce_thumbnail":["https:\/\/evolutioncalifornia.com\/wp-content\/uploads\/2025\/02\/39-300x300.png",300,300,true],"woocommerce_single":["https:\/\/evolutioncalifornia.com\/wp-content\/uploads\/2025\/02\/39-600x503.png",600,503,true],"woocommerce_gallery_thumbnail":["https:\/\/evolutioncalifornia.com\/wp-content\/uploads\/2025\/02\/39-100x100.png",100,100,true]},"uagb_author_info":{"display_name":"Gilbert Fernandez de Lara Hern\u00e1ndez","author_link":"https:\/\/evolutioncalifornia.com\/esp\/author\/"},"uagb_comment_info":0,"uagb_excerpt":"The anti-aging Platinum Blonde Hair Mask, infused with argan oil and coconut oil, is rich in fatty acids (omega 6), vitamin A, and vitamin E. It provides deep repair and hydration, protecting cell membranes against oxidation and slowing the aging of the hair fiber. Long-term use greatly improves hair flexibility and shine, while instantly revitalizing&hellip;","_links":{"self":[{"href":"https:\/\/evolutioncalifornia.com\/esp\/wp-json\/wp\/v2\/product\/2780","targetHints":{"allow":["GET"]}}],"collection":[{"href":"https:\/\/evolutioncalifornia.com\/esp\/wp-json\/wp\/v2\/product"}],"about":[{"href":"https:\/\/evolutioncalifornia.com\/esp\/wp-json\/wp\/v2\/types\/product"}],"wp:featuredmedia":[{"embeddable":true,"href":"https:\/\/evolutioncalifornia.com\/esp\/wp-json\/wp\/v2\/media\/2734"}],"wp:attachment":[{"href":"https:\/\/evolutioncalifornia.com\/esp\/wp-json\/wp\/v2\/media?parent=2780"}],"wp:term":[{"taxonomy":"product_brand","embeddable":true,"href":"https:\/\/evolutioncalifornia.com\/esp\/wp-json\/wp\/v2\/product_brand?post=2780"},{"taxonomy":"product_cat","embeddable":true,"href":"https:\/\/evolutioncalifornia.com\/esp\/wp-json\/wp\/v2\/product_cat?post=2780"},{"taxonomy":"product_tag","embeddable":true,"href":"https:\/\/evolutioncalifornia.com\/esp\/wp-json\/wp\/v2\/product_tag?post=2780"}],"curies":[{"name":"wp","href":"https:\/\/api.w.org\/{rel}","templated":true}]}}